{"id":8947,"date":"2025-07-14T16:56:07","date_gmt":"2025-07-14T16:56:07","guid":{"rendered":"https:\/\/osecsas.co\/?post_type=product&#038;p=8947"},"modified":"2025-07-14T18:39:59","modified_gmt":"2025-07-14T18:39:59","slug":"luz-de-advertencia-sideliner-laser","status":"publish","type":"product","link":"https:\/\/osecsas.co\/?product=luz-de-advertencia-sideliner-laser","title":{"rendered":"Luz de Advertencia Sideliner L\u00e1ser"},"content":{"rendered":"<p>Crea una l\u00ednea de luz laser a un lado del montacargas advirtiendo a los peatones<br \/>\nel l\u00edmite de proximidad a la m\u00e1quina. La l\u00ednea puede ser delgada o gruesa y crea<br \/>\nuna zona de seguridad.<\/p>\n","protected":false},"excerpt":{"rendered":"<p>Crea una l\u00ednea de luz laser a un lado del montacargas advirtiendo a los peatones<br \/>\nel l\u00edmite de proximidad a la m\u00e1quina. La l\u00ednea puede ser delgada o gruesa y crea<br \/>\nuna zona de seguridad.<\/p>\n","protected":false},"featured_media":8948,"comment_status":"open","ping_status":"closed","template":"","meta":{"_joinchat":[]},"product_brand":[],"product_cat":[98],"product_tag":[94],"class_list":{"0":"post-8947","1":"product","2":"type-product","3":"status-publish","4":"has-post-thumbnail","6":"product_cat-luces","7":"product_tag-luz-de-advertencia-sideliner-laser","9":"first","10":"instock","11":"shipping-taxable","12":"product-type-simple"},"_links":{"self":[{"href":"https:\/\/osecsas.co\/index.php?rest_route=\/wp\/v2\/product\/8947","targetHints":{"allow":["GET"]}}],"collection":[{"href":"https:\/\/osecsas.co\/index.php?rest_route=\/wp\/v2\/product"}],"about":[{"href":"https:\/\/osecsas.co\/index.php?rest_route=\/wp\/v2\/types\/product"}],"replies":[{"embeddable":true,"href":"https:\/\/osecsas.co\/index.php?rest_route=%2Fwp%2Fv2%2Fcomments&post=8947"}],"version-history":[{"count":2,"href":"https:\/\/osecsas.co\/index.php?rest_route=\/wp\/v2\/product\/8947\/revisions"}],"predecessor-version":[{"id":9000,"href":"https:\/\/osecsas.co\/index.php?rest_route=\/wp\/v2\/product\/8947\/revisions\/9000"}],"wp:featuredmedia":[{"embeddable":true,"href":"https:\/\/osecsas.co\/index.php?rest_route=\/wp\/v2\/media\/8948"}],"wp:attachment":[{"href":"https:\/\/osecsas.co\/index.php?rest_route=%2Fwp%2Fv2%2Fmedia&parent=8947"}],"wp:term":[{"taxonomy":"product_brand","embeddable":true,"href":"https:\/\/osecsas.co\/index.php?rest_route=%2Fwp%2Fv2%2Fproduct_brand&post=8947"},{"taxonomy":"product_cat","embeddable":true,"href":"https:\/\/osecsas.co\/index.php?rest_route=%2Fwp%2Fv2%2Fproduct_cat&post=8947"},{"taxonomy":"product_tag","embeddable":true,"href":"https:\/\/osecsas.co\/index.php?rest_route=%2Fwp%2Fv2%2Fproduct_tag&post=8947"}],"curies":[{"name":"wp","href":"https:\/\/api.w.org\/{rel}","templated":true}]}}