{"id":8931,"date":"2025-07-14T16:32:13","date_gmt":"2025-07-14T16:32:13","guid":{"rendered":"https:\/\/osecsas.co\/?post_type=product&#038;p=8931"},"modified":"2025-07-14T18:43:15","modified_gmt":"2025-07-14T18:43:15","slug":"smartie-3g-wifi-camara-inalambrica","status":"publish","type":"product","link":"https:\/\/osecsas.co\/?product=smartie-3g-wifi-camara-inalambrica","title":{"rendered":"Smartie 3G\/ WiFi &#8211; C\u00e1mara Inal\u00e1mbrica"},"content":{"rendered":"<p>KEYTROLLER KP1 es la c\u00e1mara<br \/>\nm\u00e1s avanzada del mundo con<br \/>\ntransmisi\u00f3n de video por 3G o Wi-Fi<br \/>\ny funci\u00f3n de rastreo (GPS). Su<br \/>\ntecnolog\u00eda est\u00e1 adaptada para<br \/>\nactivarse y grabar cuando hay<br \/>\nincidentes como impactos o exceso<br \/>\nde velocidad por parte de los<br \/>\noperadores (tiene sensores de golpe<br \/>\ny velocidad incluidos).<\/p>\n","protected":false},"excerpt":{"rendered":"<p>KEYTROLLER KP1 es la c\u00e1mara<br \/>\nm\u00e1s avanzada del mundo con<br \/>\ntransmisi\u00f3n de video por 3G o Wi-Fi<br \/>\ny funci\u00f3n de rastreo (GPS). Su<br \/>\ntecnolog\u00eda est\u00e1 adaptada para<br \/>\nactivarse y grabar cuando hay<br \/>\nincidentes como impactos o exceso<br \/>\nde velocidad por parte de los<br \/>\noperadores (tiene sensores de golpe<br \/>\ny velocidad incluidos).<\/p>\n","protected":false},"featured_media":8932,"comment_status":"open","ping_status":"closed","template":"","meta":{"_joinchat":[]},"product_brand":[],"product_cat":[90],"product_tag":[89],"class_list":{"0":"post-8931","1":"product","2":"type-product","3":"status-publish","4":"has-post-thumbnail","6":"product_cat-camaras-y-monitoreo","7":"product_tag-smartie-3g-wifi-camara-inalambrica","9":"first","10":"instock","11":"shipping-taxable","12":"product-type-simple"},"_links":{"self":[{"href":"https:\/\/osecsas.co\/index.php?rest_route=\/wp\/v2\/product\/8931","targetHints":{"allow":["GET"]}}],"collection":[{"href":"https:\/\/osecsas.co\/index.php?rest_route=\/wp\/v2\/product"}],"about":[{"href":"https:\/\/osecsas.co\/index.php?rest_route=\/wp\/v2\/types\/product"}],"replies":[{"embeddable":true,"href":"https:\/\/osecsas.co\/index.php?rest_route=%2Fwp%2Fv2%2Fcomments&post=8931"}],"version-history":[{"count":3,"href":"https:\/\/osecsas.co\/index.php?rest_route=\/wp\/v2\/product\/8931\/revisions"}],"predecessor-version":[{"id":9005,"href":"https:\/\/osecsas.co\/index.php?rest_route=\/wp\/v2\/product\/8931\/revisions\/9005"}],"wp:featuredmedia":[{"embeddable":true,"href":"https:\/\/osecsas.co\/index.php?rest_route=\/wp\/v2\/media\/8932"}],"wp:attachment":[{"href":"https:\/\/osecsas.co\/index.php?rest_route=%2Fwp%2Fv2%2Fmedia&parent=8931"}],"wp:term":[{"taxonomy":"product_brand","embeddable":true,"href":"https:\/\/osecsas.co\/index.php?rest_route=%2Fwp%2Fv2%2Fproduct_brand&post=8931"},{"taxonomy":"product_cat","embeddable":true,"href":"https:\/\/osecsas.co\/index.php?rest_route=%2Fwp%2Fv2%2Fproduct_cat&post=8931"},{"taxonomy":"product_tag","embeddable":true,"href":"https:\/\/osecsas.co\/index.php?rest_route=%2Fwp%2Fv2%2Fproduct_tag&post=8931"}],"curies":[{"name":"wp","href":"https:\/\/api.w.org\/{rel}","templated":true}]}}