{"id":8905,"date":"2025-07-14T15:39:53","date_gmt":"2025-07-14T15:39:53","guid":{"rendered":"https:\/\/osecsas.co\/?post_type=product&#038;p=8905"},"modified":"2025-07-14T18:49:00","modified_gmt":"2025-07-14T18:49:00","slug":"sensor-cruces-viales-para-vehiculos-rf","status":"publish","type":"product","link":"https:\/\/osecsas.co\/?product=sensor-cruces-viales-para-vehiculos-rf","title":{"rendered":"Sensor cruces viales para veh\u00edculos &#8211; RF"},"content":{"rendered":"<p>Se instalan en los veh\u00edculos que operan al interior de los Centros de Distribuci\u00f3n o<br \/>\ngrandes superficies, programados para que se identifiquen entre s\u00ed, evitando<br \/>\ncolisiones en cruces.<\/p>\n<p>El operario identificar\u00e1 con una alerta visual y auditiva la cercan\u00eda de otro veh\u00edculo<br \/>\npara frenar o continuar con su ruta, maximizando los tiempos de recorrido y de<br \/>\noperaci\u00f3n, como se muestra en la gr\u00e1fica:<\/p>\n<p>\u25aa Protecci\u00f3n de \u00e1ngulos muertos<br \/>\n\u25aa Maximiza la eficiencia de los veh\u00edculos<br \/>\n\u25aa Protege la vida del conductor<\/p>\n","protected":false},"excerpt":{"rendered":"<p>Se instalan en los veh\u00edculos que operan al interior de los Centros de Distribuci\u00f3n o<br \/>\ngrandes superficies, programados para que se identifiquen entre s\u00ed, evitando<br \/>\ncolisiones en cruces.<\/p>\n<p>El operario identificar\u00e1 con una alerta visual y auditiva la cercan\u00eda de otro veh\u00edculo<br \/>\npara frenar o continuar con su ruta, maximizando los tiempos de recorrido y de<br \/>\noperaci\u00f3n, como se muestra en la gr\u00e1fica:<\/p>\n<p>\u25aa Protecci\u00f3n de \u00e1ngulos muertos<br \/>\n\u25aa Maximiza la eficiencia de los veh\u00edculos<br \/>\n\u25aa Protege la vida del conductor<\/p>\n","protected":false},"featured_media":8906,"comment_status":"open","ping_status":"closed","template":"","meta":{"_joinchat":[]},"product_brand":[],"product_cat":[29],"product_tag":[81],"class_list":{"0":"post-8905","1":"product","2":"type-product","3":"status-publish","4":"has-post-thumbnail","6":"product_cat-start-smart","7":"product_tag-sensor-cruces-viales-para-vehiculos-rf","9":"first","10":"instock","11":"shipping-taxable","12":"product-type-simple"},"_links":{"self":[{"href":"https:\/\/osecsas.co\/index.php?rest_route=\/wp\/v2\/product\/8905","targetHints":{"allow":["GET"]}}],"collection":[{"href":"https:\/\/osecsas.co\/index.php?rest_route=\/wp\/v2\/product"}],"about":[{"href":"https:\/\/osecsas.co\/index.php?rest_route=\/wp\/v2\/types\/product"}],"replies":[{"embeddable":true,"href":"https:\/\/osecsas.co\/index.php?rest_route=%2Fwp%2Fv2%2Fcomments&post=8905"}],"version-history":[{"count":2,"href":"https:\/\/osecsas.co\/index.php?rest_route=\/wp\/v2\/product\/8905\/revisions"}],"predecessor-version":[{"id":9013,"href":"https:\/\/osecsas.co\/index.php?rest_route=\/wp\/v2\/product\/8905\/revisions\/9013"}],"wp:featuredmedia":[{"embeddable":true,"href":"https:\/\/osecsas.co\/index.php?rest_route=\/wp\/v2\/media\/8906"}],"wp:attachment":[{"href":"https:\/\/osecsas.co\/index.php?rest_route=%2Fwp%2Fv2%2Fmedia&parent=8905"}],"wp:term":[{"taxonomy":"product_brand","embeddable":true,"href":"https:\/\/osecsas.co\/index.php?rest_route=%2Fwp%2Fv2%2Fproduct_brand&post=8905"},{"taxonomy":"product_cat","embeddable":true,"href":"https:\/\/osecsas.co\/index.php?rest_route=%2Fwp%2Fv2%2Fproduct_cat&post=8905"},{"taxonomy":"product_tag","embeddable":true,"href":"https:\/\/osecsas.co\/index.php?rest_route=%2Fwp%2Fv2%2Fproduct_tag&post=8905"}],"curies":[{"name":"wp","href":"https:\/\/api.w.org\/{rel}","templated":true}]}}