{"id":8864,"date":"2025-07-14T13:39:19","date_gmt":"2025-07-14T13:39:19","guid":{"rendered":"https:\/\/osecsas.co\/?post_type=product&#038;p=8864"},"modified":"2025-07-14T13:43:22","modified_gmt":"2025-07-14T13:43:22","slug":"administracion-de-vehiculos","status":"publish","type":"product","link":"https:\/\/osecsas.co\/?product=administracion-de-vehiculos","title":{"rendered":"Administraci\u00f3n de Veh\u00edculos"},"content":{"rendered":"<p>ID conductor<br \/>\n\u25aa Alarmas (v\u00eda email) de excesos de velocidad, frenadas bruscas, excesos<br \/>\nde tiempo en ralent\u00ed, mantenimientos preventivos.<br \/>\n\u25aa Bloqueo de Encendido si no se loguea.<br \/>\n\u25aa Medici\u00f3n diaria de Hor\u00f3metros\/Kilometraje.<br \/>\n\u25aa Tiempos de Operaci\u00f3n (Apagado, Ralent\u00ed, Movimientos). Esto le<br \/>\npermitir\u00e1 llevar estad\u00edsticas del uso y operaci\u00f3n del equipo y si se esta<br \/>\nutilizando o no de manera eficiente.<br \/>\n\u25aa Posicionamiento y Geo cercas. Muestra si el equipo se llega a salir del<br \/>\n\u00e1rea permitida. Seguimiento a Rutas.<br \/>\n\u25aa Calificaci\u00f3n de Conductores, basadas en sus infracciones.<br \/>\n\u25aa Muestra la ubicaci\u00f3n de los equipos minuto a minuto, acompa\u00f1adas del<br \/>\nestado actual.<br \/>\n\u25aa Modulo de Mtto Preventivo en lo que respecta a Cambio de<br \/>\n\u25aa Aceite, Filtros de combustible, filtro de aire, llantas, bater\u00edas, etc.<\/p>\n","protected":false},"excerpt":{"rendered":"<p>ID conductor<br \/>\n\u25aa Alarmas (v\u00eda email) de excesos de velocidad, frenadas bruscas, excesos<br \/>\nde tiempo en ralent\u00ed, mantenimientos preventivos.<br \/>\n\u25aa Bloqueo de Encendido si no se loguea.<br \/>\n\u25aa Medici\u00f3n diaria de Hor\u00f3metros\/Kilometraje.<br \/>\n\u25aa Tiempos de Operaci\u00f3n (Apagado, Ralent\u00ed, Movimientos). Esto le<br \/>\npermitir\u00e1 llevar estad\u00edsticas del uso y operaci\u00f3n del equipo y si se esta<br \/>\nutilizando o no de manera eficiente.<br \/>\n\u25aa Posicionamiento y Geo cercas. Muestra si el equipo se llega a salir del<br \/>\n\u00e1rea permitida. Seguimiento a Rutas.<br \/>\n\u25aa Calificaci\u00f3n de Conductores, basadas en sus infracciones.<br \/>\n\u25aa Muestra la ubicaci\u00f3n de los equipos minuto a minuto, acompa\u00f1adas del<br \/>\nestado actual.<br \/>\n\u25aa Modulo de Mtto Preventivo en lo que respecta a Cambio de<br \/>\n\u25aa Aceite, Filtros de combustible, filtro de aire, llantas, bater\u00edas, etc.<\/p>\n","protected":false},"featured_media":8866,"comment_status":"open","ping_status":"closed","template":"","meta":{"_joinchat":[]},"product_brand":[],"product_cat":[28,20],"product_tag":[73,72],"class_list":{"0":"post-8864","1":"product","2":"type-product","3":"status-publish","4":"has-post-thumbnail","6":"product_cat-administracion-de-vehiculos","7":"product_cat-software-administracion","8":"product_tag-administracion-de-vehiculos","9":"product_tag-gps","11":"first","12":"instock","13":"shipping-taxable","14":"product-type-simple"},"_links":{"self":[{"href":"https:\/\/osecsas.co\/index.php?rest_route=\/wp\/v2\/product\/8864","targetHints":{"allow":["GET"]}}],"collection":[{"href":"https:\/\/osecsas.co\/index.php?rest_route=\/wp\/v2\/product"}],"about":[{"href":"https:\/\/osecsas.co\/index.php?rest_route=\/wp\/v2\/types\/product"}],"replies":[{"embeddable":true,"href":"https:\/\/osecsas.co\/index.php?rest_route=%2Fwp%2Fv2%2Fcomments&post=8864"}],"version-history":[{"count":3,"href":"https:\/\/osecsas.co\/index.php?rest_route=\/wp\/v2\/product\/8864\/revisions"}],"predecessor-version":[{"id":8869,"href":"https:\/\/osecsas.co\/index.php?rest_route=\/wp\/v2\/product\/8864\/revisions\/8869"}],"wp:featuredmedia":[{"embeddable":true,"href":"https:\/\/osecsas.co\/index.php?rest_route=\/wp\/v2\/media\/8866"}],"wp:attachment":[{"href":"https:\/\/osecsas.co\/index.php?rest_route=%2Fwp%2Fv2%2Fmedia&parent=8864"}],"wp:term":[{"taxonomy":"product_brand","embeddable":true,"href":"https:\/\/osecsas.co\/index.php?rest_route=%2Fwp%2Fv2%2Fproduct_brand&post=8864"},{"taxonomy":"product_cat","embeddable":true,"href":"https:\/\/osecsas.co\/index.php?rest_route=%2Fwp%2Fv2%2Fproduct_cat&post=8864"},{"taxonomy":"product_tag","embeddable":true,"href":"https:\/\/osecsas.co\/index.php?rest_route=%2Fwp%2Fv2%2Fproduct_tag&post=8864"}],"curies":[{"name":"wp","href":"https:\/\/api.w.org\/{rel}","templated":true}]}}