{"id":9027,"date":"2025-07-14T19:04:33","date_gmt":"2025-07-14T19:04:33","guid":{"rendered":"https:\/\/osecsas.co\/?page_id=9027"},"modified":"2025-07-15T20:39:15","modified_gmt":"2025-07-15T20:39:15","slug":"venta-de-camaras-y-accesorios-para-montacargas","status":"publish","type":"page","link":"https:\/\/osecsas.co\/?page_id=9027","title":{"rendered":"Venta de c\u00e1maras y accesorios para montacargas"},"content":{"rendered":"\t\t<div data-elementor-type=\"wp-page\" data-elementor-id=\"9027\" class=\"elementor elementor-9027\">\n\t\t\t\t\t\t<section class=\"elementor-section elementor-top-section elementor-element elementor-element-c93446b elementor-reverse-tablet elementor-reverse-mobile elementor-section-boxed elementor-section-height-default elementor-section-height-default wd-section-disabled\" data-id=\"c93446b\" data-element_type=\"section\">\n\t\t\t\t\t\t<div class=\"elementor-container elementor-column-gap-default\">\n\t\t\t\t\t<div class=\"elementor-column elementor-col-50 elementor-top-column elementor-element elementor-element-f07dedf\" data-id=\"f07dedf\" data-element_type=\"column\">\n\t\t\t<div class=\"elementor-widget-wrap elementor-element-populated\">\n\t\t\t\t\t\t<div class=\"elementor-element elementor-element-16e6225 elementor-widget elementor-widget-wd_image_or_svg\" data-id=\"16e6225\" data-element_type=\"widget\" data-widget_type=\"wd_image_or_svg.default\">\n\t\t\t\t<div class=\"elementor-widget-container\">\n\t\t\t\t\t\n\t\t<div class=\"wd-image text-left\">\n\t\t\t\t\t\t\t\t<img fetchpriority=\"high\" decoding=\"async\" width=\"1024\" height=\"691\" src=\"https:\/\/osecsas.co\/wp-content\/uploads\/2025\/07\/camarac-venta-1.png\" class=\"attachment-full size-full wp-image-9047\" alt=\"\" srcset=\"https:\/\/osecsas.co\/wp-content\/uploads\/2025\/07\/camarac-venta-1.png 1024w, https:\/\/osecsas.co\/wp-content\/uploads\/2025\/07\/camarac-venta-1-400x270.png 400w, https:\/\/osecsas.co\/wp-content\/uploads\/2025\/07\/camarac-venta-1-768x518.png 768w, https:\/\/osecsas.co\/wp-content\/uploads\/2025\/07\/camarac-venta-1-860x580.png 860w, https:\/\/osecsas.co\/wp-content\/uploads\/2025\/07\/camarac-venta-1-430x290.png 430w, https:\/\/osecsas.co\/wp-content\/uploads\/2025\/07\/camarac-venta-1-700x472.png 700w, https:\/\/osecsas.co\/wp-content\/uploads\/2025\/07\/camarac-venta-1-150x101.png 150w\" sizes=\"(max-width: 1024px) 100vw, 1024px\" \/>\t\t\t\t\t<\/div>\n\n\t\t\t\t\t\t<\/div>\n\t\t\t\t<\/div>\n\t\t\t\t\t<\/div>\n\t\t<\/div>\n\t\t\t\t<div class=\"elementor-column elementor-col-50 elementor-top-column elementor-element elementor-element-0fa39fd\" data-id=\"0fa39fd\" data-element_type=\"column\">\n\t\t\t<div class=\"elementor-widget-wrap elementor-element-populated\">\n\t\t\t\t\t\t<div class=\"elementor-element elementor-element-150d2d6 elementor-widget elementor-widget-wd_text_block\" data-id=\"150d2d6\" data-element_type=\"widget\" data-widget_type=\"wd_text_block.default\">\n\t\t\t\t<div class=\"elementor-widget-container\">\n\t\t\t\t\t\t\t\t<link rel=\"stylesheet\" id=\"wd-text-block-css\" href=\"https:\/\/osecsas.co\/wp-content\/themes\/woodmart\/css\/parts\/el-text-block.min.css?ver=\" type=\"text\/css\" media=\"all\" \/> \t\t\t\t\t<div class=\"wd-text-block reset-last-child text-left\">\n\t\t\t\n\t\t\t<p style=\"text-align: justify;\">El segundo factor de an\u00e1lisis en un siniestro es el del veh\u00edculo, es importante que adem\u00e1s de capacitaciones los equipos est\u00e9n dotados de elementos de seguridad activa y pasiva tales como: c\u00e1maras, luces, cinturones, pitos, sensores, entre otros. Ofrecemos todos estos accesorios para instalar a sus equipos y que sus riesgos est\u00e9n controlados por este sentido.<\/p>\n\t\t\t\t\t<\/div>\n\t\t\t\t\t\t<\/div>\n\t\t\t\t<\/div>\n\t\t\t\t<div class=\"elementor-element elementor-element-e8d9a0c elementor-widget__width-auto elementor-widget-tablet__width-initial elementor-widget-mobile__width-initial elementor-widget elementor-widget-wd_button\" data-id=\"e8d9a0c\" data-element_type=\"widget\" data-widget_type=\"wd_button.default\">\n\t\t\t\t<div class=\"elementor-widget-container\">\n\t\t\t\t\t\t\t<div class=\"wd-button-wrapper text-center\" >\n\t\t\t<a class=\"btn btn-style-default btn-style-semi-round btn-size-default btn-scheme-light btn-scheme-hover-inherit btn-icon-pos-right\"  href=\"https:\/\/api.whatsapp.com\/send\/?phone=573134212611&#038;text=Hola+%2Ahttps%3A%2F%2Fosecsas.co%2F%2A%21+Necesitas+m%C3%A1s+informaci%C3%B3n+escr%C3%ADbenos+https%3A%2F%2Fosecsas.co%2F+https%3A%2F%2Fosecsas.co&#038;type=phone_number&#038;app_absent=0\">\n\t\t\t\t<span class=\"wd-btn-text\" data-elementor-setting-key=\"text\">\n\t\t\t\t\tCotiza con tu c\u00e1mara y accesorios\t\t\t\t<\/span>\n\n\t\t\t\t\t\t\t<\/a>\n\t\t<\/div>\n\t\t\t\t\t\t<\/div>\n\t\t\t\t<\/div>\n\t\t\t\t\t<\/div>\n\t\t<\/div>\n\t\t\t\t\t<\/div>\n\t\t<\/section>\n\t\t\t\t<\/div>\n\t\t","protected":false},"excerpt":{"rendered":"<p>El segundo factor de an\u00e1lisis en un siniestro es el del veh\u00edculo, es importante que adem\u00e1s de capacitaciones los equipos<\/p>\n","protected":false},"author":1,"featured_media":0,"parent":0,"menu_order":0,"comment_status":"closed","ping_status":"closed","template":"","meta":{"_joinchat":[],"footnotes":""},"class_list":["post-9027","page","type-page","status-publish","hentry"],"_links":{"self":[{"href":"https:\/\/osecsas.co\/index.php?rest_route=\/wp\/v2\/pages\/9027","targetHints":{"allow":["GET"]}}],"collection":[{"href":"https:\/\/osecsas.co\/index.php?rest_route=\/wp\/v2\/pages"}],"about":[{"href":"https:\/\/osecsas.co\/index.php?rest_route=\/wp\/v2\/types\/page"}],"author":[{"embeddable":true,"href":"https:\/\/osecsas.co\/index.php?rest_route=\/wp\/v2\/users\/1"}],"replies":[{"embeddable":true,"href":"https:\/\/osecsas.co\/index.php?rest_route=%2Fwp%2Fv2%2Fcomments&post=9027"}],"version-history":[{"count":5,"href":"https:\/\/osecsas.co\/index.php?rest_route=\/wp\/v2\/pages\/9027\/revisions"}],"predecessor-version":[{"id":9185,"href":"https:\/\/osecsas.co\/index.php?rest_route=\/wp\/v2\/pages\/9027\/revisions\/9185"}],"wp:attachment":[{"href":"https:\/\/osecsas.co\/index.php?rest_route=%2Fwp%2Fv2%2Fmedia&parent=9027"}],"curies":[{"name":"wp","href":"https:\/\/api.w.org\/{rel}","templated":true}]}}