{"id":9018,"date":"2025-07-14T18:58:31","date_gmt":"2025-07-14T18:58:31","guid":{"rendered":"https:\/\/osecsas.co\/?page_id=9018"},"modified":"2025-07-16T20:18:11","modified_gmt":"2025-07-16T20:18:11","slug":"charlas-de-sensibilizacion-para-sus-empleados","status":"publish","type":"page","link":"https:\/\/osecsas.co\/?page_id=9018","title":{"rendered":"Charlas de sensibilizaci\u00f3n para sus empleados"},"content":{"rendered":"\t\t<div data-elementor-type=\"wp-page\" data-elementor-id=\"9018\" class=\"elementor elementor-9018\">\n\t\t\t\t\t\t<section class=\"elementor-section elementor-top-section elementor-element elementor-element-c93446b elementor-reverse-tablet elementor-reverse-mobile elementor-section-boxed elementor-section-height-default elementor-section-height-default wd-section-disabled\" data-id=\"c93446b\" data-element_type=\"section\">\n\t\t\t\t\t\t<div class=\"elementor-container elementor-column-gap-default\">\n\t\t\t\t\t<div class=\"elementor-column elementor-col-50 elementor-top-column elementor-element elementor-element-f07dedf\" data-id=\"f07dedf\" data-element_type=\"column\">\n\t\t\t<div class=\"elementor-widget-wrap elementor-element-populated\">\n\t\t\t\t\t\t<div class=\"elementor-element elementor-element-16e6225 elementor-widget elementor-widget-wd_image_or_svg\" data-id=\"16e6225\" data-element_type=\"widget\" data-widget_type=\"wd_image_or_svg.default\">\n\t\t\t\t<div class=\"elementor-widget-container\">\n\t\t\t\t\t\n\t\t<div class=\"wd-image text-left\">\n\t\t\t\t\t\t\t\t<img fetchpriority=\"high\" decoding=\"async\" width=\"1600\" height=\"1200\" src=\"https:\/\/osecsas.co\/wp-content\/uploads\/2025\/07\/Charlas.jpeg\" class=\"attachment-full size-full wp-image-9043\" alt=\"\" srcset=\"https:\/\/osecsas.co\/wp-content\/uploads\/2025\/07\/Charlas.jpeg 1600w, https:\/\/osecsas.co\/wp-content\/uploads\/2025\/07\/Charlas-400x300.jpeg 400w, https:\/\/osecsas.co\/wp-content\/uploads\/2025\/07\/Charlas-1067x800.jpeg 1067w, https:\/\/osecsas.co\/wp-content\/uploads\/2025\/07\/Charlas-768x576.jpeg 768w, https:\/\/osecsas.co\/wp-content\/uploads\/2025\/07\/Charlas-1536x1152.jpeg 1536w, https:\/\/osecsas.co\/wp-content\/uploads\/2025\/07\/Charlas-860x645.jpeg 860w, https:\/\/osecsas.co\/wp-content\/uploads\/2025\/07\/Charlas-430x323.jpeg 430w, https:\/\/osecsas.co\/wp-content\/uploads\/2025\/07\/Charlas-700x525.jpeg 700w, https:\/\/osecsas.co\/wp-content\/uploads\/2025\/07\/Charlas-150x113.jpeg 150w\" sizes=\"(max-width: 1600px) 100vw, 1600px\" \/>\t\t\t\t\t<\/div>\n\n\t\t\t\t\t\t<\/div>\n\t\t\t\t<\/div>\n\t\t\t\t\t<\/div>\n\t\t<\/div>\n\t\t\t\t<div class=\"elementor-column elementor-col-50 elementor-top-column elementor-element elementor-element-0fa39fd\" data-id=\"0fa39fd\" data-element_type=\"column\">\n\t\t\t<div class=\"elementor-widget-wrap elementor-element-populated\">\n\t\t\t\t\t\t<div class=\"elementor-element elementor-element-150d2d6 elementor-widget elementor-widget-wd_text_block\" data-id=\"150d2d6\" data-element_type=\"widget\" data-widget_type=\"wd_text_block.default\">\n\t\t\t\t<div class=\"elementor-widget-container\">\n\t\t\t\t\t\t\t\t<link rel=\"stylesheet\" id=\"wd-text-block-css\" href=\"https:\/\/osecsas.co\/wp-content\/themes\/woodmart\/css\/parts\/el-text-block.min.css?ver=\" type=\"text\/css\" media=\"all\" \/> \t\t\t\t\t<div class=\"wd-text-block reset-last-child text-left\">\n\t\t\t\n\t\t\t<p style=\"text-align: justify;\"><strong>Con el paso del tiempo los operadores de montacargas, de veh\u00edculos de carga de 4 \u00f3 m\u00e1s ruedas, de conductores de motos y autom\u00f3viles; desarrollan una memoria muscular muy alta que se deriva de su continua pr\u00e1ctica, pero al mismo tiempo esto genera un abandono<\/strong> del razonamiento que controla \u00f2 mitiga los riesgos asociados a esta actividad. Nuestras charlas de seguridad son espec\u00edficas con un enfoque de tipo legal, estad\u00edstico, psicosocial, entre otros. Considerados los factores determinantes que permitir\u00e1n sensibilizar al operador de este veh\u00edculo llev\u00e1ndolo al razonamiento y no dejando la pericia como el \u00fanico factor de control.<\/p>\n\t\t\t\t\t<\/div>\n\t\t\t\t\t\t<\/div>\n\t\t\t\t<\/div>\n\t\t\t\t<div class=\"elementor-element elementor-element-e8d9a0c elementor-widget__width-auto elementor-widget-tablet__width-initial elementor-widget-mobile__width-initial elementor-widget elementor-widget-wd_button\" data-id=\"e8d9a0c\" data-element_type=\"widget\" data-widget_type=\"wd_button.default\">\n\t\t\t\t<div class=\"elementor-widget-container\">\n\t\t\t\t\t\t\t<div class=\"wd-button-wrapper text-center\" >\n\t\t\t<a class=\"btn btn-style-default btn-style-semi-round btn-size-default btn-scheme-light btn-scheme-hover-inherit btn-icon-pos-right\"  href=\"https:\/\/api.whatsapp.com\/send\/?phone=573134212611&#038;text=Hola+%2Ahttps%3A%2F%2Fosecsas.co%2F%2A%21+Necesitas+m%C3%A1s+informaci%C3%B3n+escr%C3%ADbenos+https%3A%2F%2Fosecsas.co%2F+https%3A%2F%2Fosecsas.co&#038;type=phone_number&#038;app_absent=0\">\n\t\t\t\t<span class=\"wd-btn-text\" data-elementor-setting-key=\"text\">\n\t\t\t\t\tCotiza tu charla\t\t\t\t<\/span>\n\n\t\t\t\t\t\t\t<\/a>\n\t\t<\/div>\n\t\t\t\t\t\t<\/div>\n\t\t\t\t<\/div>\n\t\t\t\t\t<\/div>\n\t\t<\/div>\n\t\t\t\t\t<\/div>\n\t\t<\/section>\n\t\t\t\t<\/div>\n\t\t","protected":false},"excerpt":{"rendered":"<p>Con el paso del tiempo los operadores de montacargas, de veh\u00edculos de carga de 4 \u00f3 m\u00e1s ruedas, de conductores<\/p>\n","protected":false},"author":1,"featured_media":0,"parent":0,"menu_order":0,"comment_status":"closed","ping_status":"closed","template":"","meta":{"_joinchat":[],"footnotes":""},"class_list":["post-9018","page","type-page","status-publish","hentry"],"_links":{"self":[{"href":"https:\/\/osecsas.co\/index.php?rest_route=\/wp\/v2\/pages\/9018","targetHints":{"allow":["GET"]}}],"collection":[{"href":"https:\/\/osecsas.co\/index.php?rest_route=\/wp\/v2\/pages"}],"about":[{"href":"https:\/\/osecsas.co\/index.php?rest_route=\/wp\/v2\/types\/page"}],"author":[{"embeddable":true,"href":"https:\/\/osecsas.co\/index.php?rest_route=\/wp\/v2\/users\/1"}],"replies":[{"embeddable":true,"href":"https:\/\/osecsas.co\/index.php?rest_route=%2Fwp%2Fv2%2Fcomments&post=9018"}],"version-history":[{"count":5,"href":"https:\/\/osecsas.co\/index.php?rest_route=\/wp\/v2\/pages\/9018\/revisions"}],"predecessor-version":[{"id":9221,"href":"https:\/\/osecsas.co\/index.php?rest_route=\/wp\/v2\/pages\/9018\/revisions\/9221"}],"wp:attachment":[{"href":"https:\/\/osecsas.co\/index.php?rest_route=%2Fwp%2Fv2%2Fmedia&parent=9018"}],"curies":[{"name":"wp","href":"https:\/\/api.w.org\/{rel}","templated":true}]}}