{"id":4400,"date":"2021-10-12T15:51:09","date_gmt":"2021-10-12T15:51:09","guid":{"rendered":"http:\/\/dummy.xtemos.com\/woodmart2\/elementor\/?page_id=4400"},"modified":"2025-07-14T17:09:20","modified_gmt":"2025-07-14T17:09:20","slug":"about-us-3","status":"publish","type":"page","link":"https:\/\/osecsas.co\/?page_id=4400","title":{"rendered":"Quienes Somos"},"content":{"rendered":"\t\t<div data-elementor-type=\"wp-page\" data-elementor-id=\"4400\" class=\"elementor elementor-4400\">\n\t\t\t\t\t\t<section class=\"elementor-section elementor-top-section elementor-element elementor-element-3c548bca elementor-reverse-tablet elementor-reverse-mobile elementor-section-boxed elementor-section-height-default elementor-section-height-default wd-section-disabled\" data-id=\"3c548bca\" data-element_type=\"section\">\n\t\t\t\t\t\t<div class=\"elementor-container elementor-column-gap-default\">\n\t\t\t\t\t<div class=\"elementor-column elementor-col-50 elementor-top-column elementor-element elementor-element-1d354ed7\" data-id=\"1d354ed7\" data-element_type=\"column\">\n\t\t\t<div class=\"elementor-widget-wrap elementor-element-populated\">\n\t\t\t\t\t\t<div class=\"elementor-element elementor-element-3b8f1c6 elementor-widget elementor-widget-wd_image_or_svg\" data-id=\"3b8f1c6\" data-element_type=\"widget\" data-widget_type=\"wd_image_or_svg.default\">\n\t\t\t\t<div class=\"elementor-widget-container\">\n\t\t\t\t\t\n\t\t<div class=\"wd-image text-left\">\n\t\t\t\t\t\t\t\t<img fetchpriority=\"high\" decoding=\"async\" width=\"1600\" height=\"1200\" src=\"https:\/\/osecsas.co\/wp-content\/uploads\/2025\/07\/somos.jpeg\" class=\"attachment-full size-full wp-image-8806\" alt=\"\" srcset=\"https:\/\/osecsas.co\/wp-content\/uploads\/2025\/07\/somos.jpeg 1600w, https:\/\/osecsas.co\/wp-content\/uploads\/2025\/07\/somos-400x300.jpeg 400w, https:\/\/osecsas.co\/wp-content\/uploads\/2025\/07\/somos-1067x800.jpeg 1067w, https:\/\/osecsas.co\/wp-content\/uploads\/2025\/07\/somos-768x576.jpeg 768w, https:\/\/osecsas.co\/wp-content\/uploads\/2025\/07\/somos-1536x1152.jpeg 1536w, https:\/\/osecsas.co\/wp-content\/uploads\/2025\/07\/somos-860x645.jpeg 860w, https:\/\/osecsas.co\/wp-content\/uploads\/2025\/07\/somos-430x323.jpeg 430w, https:\/\/osecsas.co\/wp-content\/uploads\/2025\/07\/somos-700x525.jpeg 700w, https:\/\/osecsas.co\/wp-content\/uploads\/2025\/07\/somos-150x113.jpeg 150w\" sizes=\"(max-width: 1600px) 100vw, 1600px\" \/>\t\t\t\t\t<\/div>\n\n\t\t\t\t\t\t<\/div>\n\t\t\t\t<\/div>\n\t\t\t\t\t<\/div>\n\t\t<\/div>\n\t\t\t\t<div class=\"elementor-column elementor-col-50 elementor-top-column elementor-element elementor-element-7a9daa7\" data-id=\"7a9daa7\" data-element_type=\"column\">\n\t\t\t<div class=\"elementor-widget-wrap elementor-element-populated\">\n\t\t\t\t\t\t<div class=\"elementor-element elementor-element-18566191 elementor-widget elementor-widget-wd_title\" data-id=\"18566191\" data-element_type=\"widget\" data-widget_type=\"wd_title.default\">\n\t\t\t\t<div class=\"elementor-widget-container\">\n\t\t\t\t\t\t\t\t<link rel=\"stylesheet\" id=\"wd-section-title-css\" href=\"https:\/\/osecsas.co\/wp-content\/themes\/woodmart\/css\/parts\/el-section-title.min.css?ver=\" type=\"text\/css\" media=\"all\" \/> \t\t\t\t\t<div class=\"title-wrapper set-mb-s reset-last-child wd-title-color-primary wd-title-style-default wd-title-size-large text-left\">\n\n\t\t\t\n\t\t\t<div class=\"liner-continer\">\n\t\t\t\t<h4 class=\"woodmart-title-container title wd-fontsize-xxl\">QUIENES SOMOS<\/h4> \n\t\t\t\t\t\t\t<\/div>\n\n\t\t\t\t\t<\/div>\n\t\t\t\t\t\t<\/div>\n\t\t\t\t<\/div>\n\t\t\t\t<div class=\"elementor-element elementor-element-cf34ae6 elementor-widget elementor-widget-wd_text_block\" data-id=\"cf34ae6\" data-element_type=\"widget\" data-widget_type=\"wd_text_block.default\">\n\t\t\t\t<div class=\"elementor-widget-container\">\n\t\t\t\t\t\t\t\t<link rel=\"stylesheet\" id=\"wd-text-block-css\" href=\"https:\/\/osecsas.co\/wp-content\/themes\/woodmart\/css\/parts\/el-text-block.min.css?ver=\" type=\"text\/css\" media=\"all\" \/> \t\t\t\t\t<div class=\"wd-text-block reset-last-child text-left\">\n\t\t\t\n\t\t\t<p style=\"text-align: justify;\">\n  Somos una empresa especializada en la capacitaci\u00f3n, evaluaci\u00f3n y certificaci\u00f3n de operadores de montacargas y maquinaria de construcci\u00f3n. Nuestro objetivo primordial es acompa\u00f1ar a nuestros clientes en la capacitaci\u00f3n de sus operadores de maquinaria para un control efectivo y mitigaci\u00f3n de riesgos, protegi\u00e9ndose de responsabilidades de tipo administrativo.\n<\/p>\n\n<p style=\"text-align: justify;\">\n  Nuestra empresa fue fundada hace 10 a\u00f1os por un grupo multidisciplinario con alto grado de conocimiento, pero tambi\u00e9n con la experiencia que permite identificar los nuevos retos que exige el recurso humano para su sensibilizaci\u00f3n y puesta en marcha de buenas pr\u00e1cticas que permitan productividad, pero con alto grado de control de riesgos.\n<\/p>\n\n\t\t\t\t\t<\/div>\n\t\t\t\t\t\t<\/div>\n\t\t\t\t<\/div>\n\t\t\t\t\t<\/div>\n\t\t<\/div>\n\t\t\t\t\t<\/div>\n\t\t<\/section>\n\t\t\t\t<section class=\"elementor-section elementor-top-section elementor-element elementor-element-1a6f30f8 elementor-section-boxed elementor-section-height-default elementor-section-height-default wd-section-disabled\" data-id=\"1a6f30f8\" data-element_type=\"section\">\n\t\t\t\t\t\t<div class=\"elementor-container elementor-column-gap-extended\">\n\t\t\t\t\t<div class=\"elementor-column elementor-col-50 elementor-top-column elementor-element elementor-element-5a19e6bd\" data-id=\"5a19e6bd\" data-element_type=\"column\">\n\t\t\t<div class=\"elementor-widget-wrap elementor-element-populated\">\n\t\t\t\t\t\t<div class=\"elementor-element elementor-element-dad1429 elementor-widget elementor-widget-image\" data-id=\"dad1429\" data-element_type=\"widget\" data-widget_type=\"image.default\">\n\t\t\t\t\t\t\t\t\t\t\t\t\t\t\t<img decoding=\"async\" width=\"1067\" height=\"800\" src=\"https:\/\/osecsas.co\/wp-content\/uploads\/2025\/07\/equipo-1067x800.jpeg\" class=\"attachment-large size-large wp-image-8849\" alt=\"\" srcset=\"https:\/\/osecsas.co\/wp-content\/uploads\/2025\/07\/equipo-1067x800.jpeg 1067w, https:\/\/osecsas.co\/wp-content\/uploads\/2025\/07\/equipo-400x300.jpeg 400w, https:\/\/osecsas.co\/wp-content\/uploads\/2025\/07\/equipo-768x576.jpeg 768w, https:\/\/osecsas.co\/wp-content\/uploads\/2025\/07\/equipo-1536x1152.jpeg 1536w, https:\/\/osecsas.co\/wp-content\/uploads\/2025\/07\/equipo-860x645.jpeg 860w, https:\/\/osecsas.co\/wp-content\/uploads\/2025\/07\/equipo-430x323.jpeg 430w, https:\/\/osecsas.co\/wp-content\/uploads\/2025\/07\/equipo-700x525.jpeg 700w, https:\/\/osecsas.co\/wp-content\/uploads\/2025\/07\/equipo-150x113.jpeg 150w, https:\/\/osecsas.co\/wp-content\/uploads\/2025\/07\/equipo.jpeg 1600w\" sizes=\"(max-width: 1067px) 100vw, 1067px\" \/>\t\t\t\t\t\t\t\t\t\t\t\t\t\t\t<\/div>\n\t\t\t\t<div class=\"elementor-element elementor-element-f57816e elementor-widget elementor-widget-wd_title\" data-id=\"f57816e\" data-element_type=\"widget\" data-widget_type=\"wd_title.default\">\n\t\t\t\t<div class=\"elementor-widget-container\">\n\t\t\t\t\t\t\t<div class=\"title-wrapper set-mb-s reset-last-child wd-title-color-default wd-title-style-default wd-title-size-default text-left\">\n\n\t\t\t\n\t\t\t<div class=\"liner-continer\">\n\t\t\t\t<h4 class=\"woodmart-title-container title wd-fontsize-l\">Nuestro equipo de trabajo<\/h4> \n\t\t\t\t\t\t\t<\/div>\n\n\t\t\t\t\t<\/div>\n\t\t\t\t\t\t<\/div>\n\t\t\t\t<\/div>\n\t\t\t\t<div class=\"elementor-element elementor-element-b1f2662 elementor-widget__width-initial elementor-widget elementor-widget-wd_text_block\" data-id=\"b1f2662\" data-element_type=\"widget\" data-widget_type=\"wd_text_block.default\">\n\t\t\t\t<div class=\"elementor-widget-container\">\n\t\t\t\t\t\t\t<div class=\"wd-text-block reset-last-child text-left\">\n\t\t\t\n\t\t\t<p style=\"text-align: justify;\">\n  Est\u00e1 compuesto por un grupo de profesionales que entienden la importancia de apoyar a nuestros clientes, para que sus operadores de maquinaria regresen a sus hogares cada d\u00eda despu\u00e9s de haber cumplido con su actividad laboral sin haber puesto en riesgo su salud y\/o su seguridad.\n<\/p>\n\n\t\t\t\t\t<\/div>\n\t\t\t\t\t\t<\/div>\n\t\t\t\t<\/div>\n\t\t\t\t\t<\/div>\n\t\t<\/div>\n\t\t\t\t<div class=\"elementor-column elementor-col-50 elementor-top-column elementor-element elementor-element-34177f2a\" data-id=\"34177f2a\" data-element_type=\"column\">\n\t\t\t<div class=\"elementor-widget-wrap elementor-element-populated\">\n\t\t\t\t\t\t<div class=\"elementor-element elementor-element-42406c4 elementor-widget elementor-widget-image\" data-id=\"42406c4\" data-element_type=\"widget\" data-widget_type=\"image.default\">\n\t\t\t\t\t\t\t\t\t\t\t\t\t\t\t<img decoding=\"async\" width=\"1067\" height=\"800\" src=\"https:\/\/osecsas.co\/wp-content\/uploads\/2025\/07\/osec-1067x800.jpeg\" class=\"attachment-large size-large wp-image-8850\" alt=\"\" srcset=\"https:\/\/osecsas.co\/wp-content\/uploads\/2025\/07\/osec-1067x800.jpeg 1067w, https:\/\/osecsas.co\/wp-content\/uploads\/2025\/07\/osec-400x300.jpeg 400w, https:\/\/osecsas.co\/wp-content\/uploads\/2025\/07\/osec-768x576.jpeg 768w, https:\/\/osecsas.co\/wp-content\/uploads\/2025\/07\/osec-1536x1152.jpeg 1536w, https:\/\/osecsas.co\/wp-content\/uploads\/2025\/07\/osec-860x645.jpeg 860w, https:\/\/osecsas.co\/wp-content\/uploads\/2025\/07\/osec-430x323.jpeg 430w, https:\/\/osecsas.co\/wp-content\/uploads\/2025\/07\/osec-700x525.jpeg 700w, https:\/\/osecsas.co\/wp-content\/uploads\/2025\/07\/osec-150x113.jpeg 150w, https:\/\/osecsas.co\/wp-content\/uploads\/2025\/07\/osec.jpeg 1600w\" sizes=\"(max-width: 1067px) 100vw, 1067px\" \/>\t\t\t\t\t\t\t\t\t\t\t\t\t\t\t<\/div>\n\t\t\t\t<div class=\"elementor-element elementor-element-32e86781 elementor-widget elementor-widget-wd_title\" data-id=\"32e86781\" data-element_type=\"widget\" data-widget_type=\"wd_title.default\">\n\t\t\t\t<div class=\"elementor-widget-container\">\n\t\t\t\t\t\t\t<div class=\"title-wrapper set-mb-s reset-last-child wd-title-color-default wd-title-style-default wd-title-size-default text-left\">\n\n\t\t\t\n\t\t\t<div class=\"liner-continer\">\n\t\t\t\t<h4 class=\"woodmart-title-container title wd-fontsize-l\">Nuestra Misi\u00f3n<\/h4> \n\t\t\t\t\t\t\t<\/div>\n\n\t\t\t\t\t<\/div>\n\t\t\t\t\t\t<\/div>\n\t\t\t\t<\/div>\n\t\t\t\t<div class=\"elementor-element elementor-element-d06be5b elementor-widget__width-initial elementor-widget elementor-widget-wd_text_block\" data-id=\"d06be5b\" data-element_type=\"widget\" data-widget_type=\"wd_text_block.default\">\n\t\t\t\t<div class=\"elementor-widget-container\">\n\t\t\t\t\t\t\t<div class=\"wd-text-block reset-last-child text-left\">\n\t\t\t\n\t\t\t<p style=\"text-align: justify;\">\n  Es seguir estudiando minuciosamente temas de tipo t\u00e9cnico, legal, econ\u00f3mico y medioambiental; los cuales son los factores que recibir\u00e1n un impacto directo cada vez que el equipo se pone en operaci\u00f3n. Esto con el objetivo de que la persona que opera el montacargas tenga el criterio que le genera el nivel de conocimiento impartido, para que tome las mejores decisiones en cada situaci\u00f3n que se presenta cuando ejerce actividades de tipo laboral.\n<\/p>\n\n\t\t\t\t\t<\/div>\n\t\t\t\t\t\t<\/div>\n\t\t\t\t<\/div>\n\t\t\t\t\t<\/div>\n\t\t<\/div>\n\t\t\t\t\t<\/div>\n\t\t<\/section>\n\t\t\t\t<\/div>\n\t\t","protected":false},"excerpt":{"rendered":"<p>QUIENES SOMOS Somos una empresa especializada en la capacitaci\u00f3n, evaluaci\u00f3n y certificaci\u00f3n de operadores de montacargas y maquinaria de construcci\u00f3n.<\/p>\n","protected":false},"author":1,"featured_media":0,"parent":0,"menu_order":0,"comment_status":"closed","ping_status":"closed","template":"","meta":{"_joinchat":[],"footnotes":""},"class_list":["post-4400","page","type-page","status-publish","hentry"],"_links":{"self":[{"href":"https:\/\/osecsas.co\/index.php?rest_route=\/wp\/v2\/pages\/4400","targetHints":{"allow":["GET"]}}],"collection":[{"href":"https:\/\/osecsas.co\/index.php?rest_route=\/wp\/v2\/pages"}],"about":[{"href":"https:\/\/osecsas.co\/index.php?rest_route=\/wp\/v2\/types\/page"}],"author":[{"embeddable":true,"href":"https:\/\/osecsas.co\/index.php?rest_route=\/wp\/v2\/users\/1"}],"replies":[{"embeddable":true,"href":"https:\/\/osecsas.co\/index.php?rest_route=%2Fwp%2Fv2%2Fcomments&post=4400"}],"version-history":[{"count":5,"href":"https:\/\/osecsas.co\/index.php?rest_route=\/wp\/v2\/pages\/4400\/revisions"}],"predecessor-version":[{"id":8960,"href":"https:\/\/osecsas.co\/index.php?rest_route=\/wp\/v2\/pages\/4400\/revisions\/8960"}],"wp:attachment":[{"href":"https:\/\/osecsas.co\/index.php?rest_route=%2Fwp%2Fv2%2Fmedia&parent=4400"}],"curies":[{"name":"wp","href":"https:\/\/api.w.org\/{rel}","templated":true}]}}